{"id":15941,"date":"2024-06-11T14:43:41","date_gmt":"2024-06-11T12:43:41","guid":{"rendered":"https:\/\/acfootballcenter.eus\/100-online-scouting-del-futbolista\/"},"modified":"2024-07-01T12:29:49","modified_gmt":"2024-07-01T10:29:49","slug":"100-online-scouting-del-futbolista","status":"publish","type":"product","link":"https:\/\/acfootballcenter.eus\/en\/100-online-scouting-del-futbolista\/","title":{"rendered":"100% Online | Scouting del futbolista"},"content":{"rendered":"<p dir=\"ltr\" style=\"text-align:left;\">\n<p dir=\"ltr\">Una visi\u00f3n integral de las funciones del Scout en diferentes \u00e1reas y departamentos de un club, generando una herramienta de observaci\u00f3n personalizada.<\/p>\n<p dir=\"ltr\">Conoce las principales funciones del Scout actual en un club de cantera y su relevancia a la hora de confeccionar plantillas.\u00a0<\/p>\n<p><\/p>\n","protected":false},"excerpt":{"rendered":"<p>Una visi\u00f3n integral de las funciones del Scout en diferentes \u00e1reas y departamentos de un club, generando una herramienta de observaci\u00f3n personalizada. Conoce las principales funciones del Scout actual en un club de cantera y su relevancia a la hora de confeccionar plantillas.\u00a0<\/p>\n","protected":false},"featured_media":0,"template":"","meta":{"_gspb_post_css":"","_uag_custom_page_level_css":"","_kad_blocks_custom_css":"","_kad_blocks_head_custom_js":"","_kad_blocks_body_custom_js":"","_kad_blocks_footer_custom_js":"","_kad_post_transparent":"default","_kad_post_title":"","_kad_post_layout":"default","_kad_post_sidebar_id":"","_kad_post_content_style":"default","_kad_post_vertical_padding":"default","_kad_post_feature":"","_kad_post_feature_position":"","_kad_post_header":false,"_kad_post_footer":false},"product_cat":[303],"product_tag":[],"class_list":{"0":"post-15941","1":"product","2":"type-product","3":"status-publish","5":"product_cat-100online","7":"first","8":"instock","9":"downloadable","10":"virtual","11":"taxable","12":"purchasable","13":"product-type-simple","14":"entry","15":"content-bg","16":"loop-entry"},"taxonomy_info":{"product_cat":[{"value":303,"label":"100% Online"}]},"featured_image_src_large":false,"author_info":[],"comment_info":"","uagb_featured_image_src":{"full":false,"thumbnail":false,"medium":false,"medium_large":false,"large":false,"1536x1536":false,"2048x2048":false,"course_single":false,"course_archive":false,"woocommerce_thumbnail":false,"woocommerce_single":false,"woocommerce_gallery_thumbnail":false},"uagb_author_info":{"display_name":"AC FOOTBALL CENTER","author_link":"https:\/\/acfootballcenter.eus\/en\/author\/"},"uagb_comment_info":0,"uagb_excerpt":"Una visi\u00f3n integral de las funciones del Scout en diferentes \u00e1reas y departamentos de un club, generando una herramienta de observaci\u00f3n personalizada. Conoce las principales funciones del Scout actual en un club de cantera y su relevancia a la hora de confeccionar plantillas.\u00a0","_links":{"self":[{"href":"https:\/\/acfootballcenter.eus\/en\/wp-json\/wp\/v2\/product\/15941"}],"collection":[{"href":"https:\/\/acfootballcenter.eus\/en\/wp-json\/wp\/v2\/product"}],"about":[{"href":"https:\/\/acfootballcenter.eus\/en\/wp-json\/wp\/v2\/types\/product"}],"wp:attachment":[{"href":"https:\/\/acfootballcenter.eus\/en\/wp-json\/wp\/v2\/media?parent=15941"}],"wp:term":[{"taxonomy":"product_cat","embeddable":true,"href":"https:\/\/acfootballcenter.eus\/en\/wp-json\/wp\/v2\/product_cat?post=15941"},{"taxonomy":"product_tag","embeddable":true,"href":"https:\/\/acfootballcenter.eus\/en\/wp-json\/wp\/v2\/product_tag?post=15941"}],"curies":[{"name":"wp","href":"https:\/\/api.w.org\/{rel}","templated":true}]}}