{"id":19375,"date":"2025-02-24T16:59:31","date_gmt":"2025-02-24T15:59:31","guid":{"rendered":"https:\/\/acfootballcenter.eus\/?post_type=product&#038;p=19375"},"modified":"2025-02-25T11:03:54","modified_gmt":"2025-02-25T10:03:54","slug":"jornada-presencial-gestion-de-carga","status":"publish","type":"product","link":"https:\/\/acfootballcenter.eus\/en\/jornada-presencial-gestion-de-carga\/","title":{"rendered":"JORNADA PRESENCIAL | Gesti\u00f3n de carga"},"content":{"rendered":"<p dir=\"ltr\" style=\"text-align:left;\">Aprende a potenciar tu intervenci\u00f3n en el entrenamiento y mejora los procesos de tu club.<\/p>\n","protected":false},"excerpt":{"rendered":"<p>Transforma tu enfoque en la gesti\u00f3n de la carga de entrenamiento con una formaci\u00f3n exclusiva en las instalaciones del Athletic Club, de la mano de su equipo de rendimiento. Esta jornada presencial te proporcionar\u00e1 conocimientos de vanguardia para optimizar el rendimiento y la prevenci\u00f3n de lesiones en el f\u00fatbol profesional.<\/p>\n","protected":false},"featured_media":19425,"template":"","meta":{"_gspb_post_css":"","_uag_custom_page_level_css":"","_kad_blocks_custom_css":"","_kad_blocks_head_custom_js":"","_kad_blocks_body_custom_js":"","_kad_blocks_footer_custom_js":"","_kad_post_transparent":"default","_kad_post_title":"","_kad_post_layout":"default","_kad_post_sidebar_id":"","_kad_post_content_style":"default","_kad_post_vertical_padding":"default","_kad_post_feature":"","_kad_post_feature_position":"","_kad_post_header":false,"_kad_post_footer":false},"product_cat":[20],"product_tag":[],"class_list":{"0":"post-19375","1":"product","2":"type-product","3":"status-publish","4":"has-post-thumbnail","6":"product_cat-varios","8":"first","9":"instock","10":"downloadable","11":"virtual","12":"taxable","13":"purchasable","14":"product-type-simple","15":"entry","16":"content-bg","17":"loop-entry"},"taxonomy_info":{"product_cat":[{"value":20,"label":"Varios"}]},"featured_image_src_large":["https:\/\/acfootballcenter.eus\/wp-content\/uploads\/2025\/02\/HERO-WEB-1600x900.jpg",1600,900,true],"author_info":[],"comment_info":"","uagb_featured_image_src":{"full":["https:\/\/acfootballcenter.eus\/wp-content\/uploads\/2025\/02\/HERO-WEB.jpg",1920,1080,false],"thumbnail":["https:\/\/acfootballcenter.eus\/wp-content\/uploads\/2025\/02\/HERO-WEB-400x400.jpg",400,400,true],"medium":["https:\/\/acfootballcenter.eus\/wp-content\/uploads\/2025\/02\/HERO-WEB-800x450.jpg",800,450,true],"medium_large":["https:\/\/acfootballcenter.eus\/wp-content\/uploads\/2025\/02\/HERO-WEB-768x432.jpg",768,432,true],"large":["https:\/\/acfootballcenter.eus\/wp-content\/uploads\/2025\/02\/HERO-WEB-1600x900.jpg",1600,900,true],"1536x1536":["https:\/\/acfootballcenter.eus\/wp-content\/uploads\/2025\/02\/HERO-WEB-1536x864.jpg",1536,864,true],"2048x2048":["https:\/\/acfootballcenter.eus\/wp-content\/uploads\/2025\/02\/HERO-WEB.jpg",1920,1080,false],"course_single":["https:\/\/acfootballcenter.eus\/wp-content\/uploads\/2025\/02\/HERO-WEB.jpg",600,338,false],"course_archive":["https:\/\/acfootballcenter.eus\/wp-content\/uploads\/2025\/02\/HERO-WEB.jpg",200,113,false],"woocommerce_thumbnail":["https:\/\/acfootballcenter.eus\/wp-content\/uploads\/2025\/02\/HERO-WEB-300x169.jpg",300,169,true],"woocommerce_single":["https:\/\/acfootballcenter.eus\/wp-content\/uploads\/2025\/02\/HERO-WEB-600x338.jpg",600,338,true],"woocommerce_gallery_thumbnail":["https:\/\/acfootballcenter.eus\/wp-content\/uploads\/2025\/02\/HERO-WEB-100x100.jpg",100,100,true]},"uagb_author_info":{"display_name":"aherrera","author_link":"https:\/\/acfootballcenter.eus\/en\/author\/"},"uagb_comment_info":0,"uagb_excerpt":"Transforma tu enfoque en la gesti\u00f3n de la carga de entrenamiento con una formaci\u00f3n exclusiva en las instalaciones del Athletic Club, de la mano de su equipo de rendimiento. Esta jornada presencial te proporcionar\u00e1 conocimientos de vanguardia para optimizar el rendimiento y la prevenci\u00f3n de lesiones en el f\u00fatbol profesional.","_links":{"self":[{"href":"https:\/\/acfootballcenter.eus\/en\/wp-json\/wp\/v2\/product\/19375"}],"collection":[{"href":"https:\/\/acfootballcenter.eus\/en\/wp-json\/wp\/v2\/product"}],"about":[{"href":"https:\/\/acfootballcenter.eus\/en\/wp-json\/wp\/v2\/types\/product"}],"wp:featuredmedia":[{"embeddable":true,"href":"https:\/\/acfootballcenter.eus\/en\/wp-json\/wp\/v2\/media\/19425"}],"wp:attachment":[{"href":"https:\/\/acfootballcenter.eus\/en\/wp-json\/wp\/v2\/media?parent=19375"}],"wp:term":[{"taxonomy":"product_cat","embeddable":true,"href":"https:\/\/acfootballcenter.eus\/en\/wp-json\/wp\/v2\/product_cat?post=19375"},{"taxonomy":"product_tag","embeddable":true,"href":"https:\/\/acfootballcenter.eus\/en\/wp-json\/wp\/v2\/product_tag?post=19375"}],"curies":[{"name":"wp","href":"https:\/\/api.w.org\/{rel}","templated":true}]}}