{"id":19616,"date":"2025-05-02T12:27:48","date_gmt":"2025-05-02T10:27:48","guid":{"rendered":"https:\/\/acfootballcenter.eus\/?post_type=product&#038;p=19616"},"modified":"2026-04-23T18:30:35","modified_gmt":"2026-04-23T16:30:35","slug":"seminario-de-futbol-para-entrenadores-as","status":"publish","type":"product","link":"https:\/\/acfootballcenter.eus\/en\/seminario-de-futbol-para-entrenadores-as\/","title":{"rendered":"SEMINARIO DE FUTBOL PARA ENTRENADORES\/AS"},"content":{"rendered":"<p>F\u00fatbol con m\u00e9todo: Conecta tu d\u00eda a d\u00eda con la experiencia del Athletic Club.<\/p>\n","protected":false},"excerpt":{"rendered":"<p>F\u00fatbol con m\u00e9todo: Conecta tu d\u00eda a d\u00eda con la experiencia del Athletic Club.<\/p>\n","protected":false},"featured_media":0,"template":"","meta":{"_gspb_post_css":"","_uag_custom_page_level_css":"","_kad_blocks_custom_css":"","_kad_blocks_head_custom_js":"","_kad_blocks_body_custom_js":"","_kad_blocks_footer_custom_js":"","_kad_post_transparent":"default","_kad_post_title":"","_kad_post_layout":"default","_kad_post_sidebar_id":"","_kad_post_content_style":"default","_kad_post_vertical_padding":"default","_kad_post_feature":"","_kad_post_feature_position":"","_kad_post_header":false,"_kad_post_footer":false},"product_cat":[20],"product_tag":[],"class_list":{"0":"post-19616","1":"product","2":"type-product","3":"status-publish","5":"product_cat-varios","7":"first","8":"instock","9":"downloadable","10":"virtual","11":"taxable","12":"purchasable","13":"product-type-simple","14":"entry","15":"content-bg","16":"loop-entry"},"taxonomy_info":{"product_cat":[{"value":20,"label":"Varios"}]},"featured_image_src_large":false,"author_info":[],"comment_info":"","uagb_featured_image_src":{"full":false,"thumbnail":false,"medium":false,"medium_large":false,"large":false,"1536x1536":false,"2048x2048":false,"course_single":false,"course_archive":false,"woocommerce_thumbnail":false,"woocommerce_single":false,"woocommerce_gallery_thumbnail":false},"uagb_author_info":{"display_name":"aherrera","author_link":"https:\/\/acfootballcenter.eus\/en\/author\/"},"uagb_comment_info":0,"uagb_excerpt":"F\u00fatbol con m\u00e9todo: Conecta tu d\u00eda a d\u00eda con la experiencia del Athletic Club.","_links":{"self":[{"href":"https:\/\/acfootballcenter.eus\/en\/wp-json\/wp\/v2\/product\/19616"}],"collection":[{"href":"https:\/\/acfootballcenter.eus\/en\/wp-json\/wp\/v2\/product"}],"about":[{"href":"https:\/\/acfootballcenter.eus\/en\/wp-json\/wp\/v2\/types\/product"}],"wp:attachment":[{"href":"https:\/\/acfootballcenter.eus\/en\/wp-json\/wp\/v2\/media?parent=19616"}],"wp:term":[{"taxonomy":"product_cat","embeddable":true,"href":"https:\/\/acfootballcenter.eus\/en\/wp-json\/wp\/v2\/product_cat?post=19616"},{"taxonomy":"product_tag","embeddable":true,"href":"https:\/\/acfootballcenter.eus\/en\/wp-json\/wp\/v2\/product_tag?post=19616"}],"curies":[{"name":"wp","href":"https:\/\/api.w.org\/{rel}","templated":true}]}}