{"id":21615,"date":"2026-02-16T15:31:13","date_gmt":"2026-02-16T14:31:13","guid":{"rendered":"https:\/\/acfootballcenter.eus\/?post_type=product&#038;p=21615"},"modified":"2026-02-16T15:38:01","modified_gmt":"2026-02-16T14:38:01","slug":"claves-para-la-intervencion-psicologica","status":"publish","type":"product","link":"https:\/\/acfootballcenter.eus\/eu\/claves-para-la-intervencion-psicologica\/","title":{"rendered":"CLAVES PARA LA INTERVENCI\u00d3N PSICOL\u00d3GICA"},"content":{"rendered":"<p>Una formaci\u00f3n aplicada para comprender, intervenir y acompa\u00f1ar al jugador y la jugadora en los diferentes momentos emocionales del f\u00fatbol.<\/p>\n","protected":false},"excerpt":{"rendered":"<p>Una formaci\u00f3n aplicada para comprender, intervenir y acompa\u00f1ar al jugador y la jugadora en los diferentes momentos emocionales del f\u00fatbol.<\/p>\n","protected":false},"featured_media":0,"template":"","meta":{"_gspb_post_css":"","_uag_custom_page_level_css":"","_kad_blocks_custom_css":"","_kad_blocks_head_custom_js":"","_kad_blocks_body_custom_js":"","_kad_blocks_footer_custom_js":"","_kad_post_transparent":"default","_kad_post_title":"","_kad_post_layout":"default","_kad_post_sidebar_id":"","_kad_post_content_style":"default","_kad_post_vertical_padding":"default","_kad_post_feature":"","_kad_post_feature_position":"","_kad_post_header":false,"_kad_post_footer":false},"product_cat":[303],"product_tag":[],"class_list":{"0":"post-21615","1":"product","2":"type-product","3":"status-publish","5":"product_cat-100online","7":"first","8":"instock","9":"downloadable","10":"virtual","11":"taxable","12":"purchasable","13":"product-type-simple","14":"entry","15":"content-bg","16":"loop-entry"},"taxonomy_info":{"product_cat":[{"value":303,"label":"100% Online"}]},"featured_image_src_large":false,"author_info":[],"comment_info":"","uagb_featured_image_src":{"full":false,"thumbnail":false,"medium":false,"medium_large":false,"large":false,"1536x1536":false,"2048x2048":false,"course_single":false,"course_archive":false,"woocommerce_thumbnail":false,"woocommerce_single":false,"woocommerce_gallery_thumbnail":false},"uagb_author_info":{"display_name":"aherrera","author_link":"https:\/\/acfootballcenter.eus\/eu\/author\/"},"uagb_comment_info":0,"uagb_excerpt":"Una formaci\u00f3n aplicada para comprender, intervenir y acompa\u00f1ar al jugador y la jugadora en los diferentes momentos emocionales del f\u00fatbol.","_links":{"self":[{"href":"https:\/\/acfootballcenter.eus\/eu\/wp-json\/wp\/v2\/product\/21615"}],"collection":[{"href":"https:\/\/acfootballcenter.eus\/eu\/wp-json\/wp\/v2\/product"}],"about":[{"href":"https:\/\/acfootballcenter.eus\/eu\/wp-json\/wp\/v2\/types\/product"}],"wp:attachment":[{"href":"https:\/\/acfootballcenter.eus\/eu\/wp-json\/wp\/v2\/media?parent=21615"}],"wp:term":[{"taxonomy":"product_cat","embeddable":true,"href":"https:\/\/acfootballcenter.eus\/eu\/wp-json\/wp\/v2\/product_cat?post=21615"},{"taxonomy":"product_tag","embeddable":true,"href":"https:\/\/acfootballcenter.eus\/eu\/wp-json\/wp\/v2\/product_tag?post=21615"}],"curies":[{"name":"wp","href":"https:\/\/api.w.org\/{rel}","templated":true}]}}